{"id":2124,"date":"2018-08-05T10:41:05","date_gmt":"2018-08-05T10:41:05","guid":{"rendered":"https:\/\/funerariaslaspalmas.com\/?page_id=2124"},"modified":"2022-07-07T10:57:29","modified_gmt":"2022-07-07T10:57:29","slug":"trabaja-con-nosotros-rrhh","status":"publish","type":"page","link":"https:\/\/funerariaslaspalmas.com\/en\/trabaja-con-nosotros-rrhh\/","title":{"rendered":"Trabaja con nosotros"},"content":{"rendered":"<p>[vc_row css=&#8221;.vc_custom_1451575485367{margin-bottom: 65px !important;}&#8221;][vc_column width=&#8221;1\/2&#8243; css=&#8221;.vc_custom_1451389567526{padding-right: 40px !important;}&#8221;][vc_single_image image=&#8221;2485&#8243; img_size=&#8221;full&#8221; style=&#8221;vc_box_circle_2&#8243; css_animation=&#8221;left-to-right&#8221;][\/vc_column][vc_column width=&#8221;1\/2&#8243;][vc_empty_space height=&#8221;60px&#8221;][vc_single_image image=&#8221;1669&#8243; img_size=&#8221;medium&#8221; alignment=&#8221;center&#8221;][vc_row_inner][vc_column_inner][vc_column_text css=&#8221;.vc_custom_1556617869522{margin-bottom: 30px !important;}&#8221;]<\/p>\n<h3 class=\"p1\"><span style=\"color: #00b249;\"><strong><span class=\"s1\">\u00bfQuieres trabajar con nosotros?<\/span><\/strong><\/span><\/h3>\n<p>Env\u00edanos tu informaci\u00f3n para entrar en nuestro proceso de selecci\u00f3n.[\/vc_column_text][\/vc_column_inner][\/vc_row_inner][\/vc_column][\/vc_row][vc_row full_width=&#8221;stretch_row_content&#8221; css=&#8221;.vc_custom_1494754640118{margin-top: -30px !important;margin-bottom: 65px !important;background-color: #fcfcfc !important;}&#8221;][vc_column width=&#8221;1\/6&#8243; css=&#8221;.vc_custom_1451389567526{padding-right: 40px !important;}&#8221;][\/vc_column][vc_column width=&#8221;2\/3&#8243;][vc_row_inner][vc_column_inner][vc_column_text css=&#8221;.vc_custom_1494667451791{margin-bottom: 30px !important;}&#8221;]<\/p>\n<p>[\/vc_column_text][vc_column_text][gravityform id=&#8221;20&#8243; title=&#8221;false&#8221; description=&#8221;false&#8221;][\/vc_column_text][\/vc_column_inner][\/vc_row_inner][\/vc_column][vc_column width=&#8221;1\/6&#8243;][\/vc_column][\/vc_row]<\/p>","protected":false},"excerpt":{"rendered":"<p>[vc_row css=&#8221;.vc_custom_1451575485367{margin-bottom: 65px !important;}&#8221;][vc_column width=&#8221;1\/2&#8243; css=&#8221;.vc_custom_1451389567526{padding-right: 40px !important;}&#8221;][vc_single_image image=&#8221;2485&#8243; img_size=&#8221;full&#8221; style=&#8221;vc_box_circle_2&#8243; css_animation=&#8221;left-to-right&#8221;][\/vc_column][vc_column width=&#8221;1\/2&#8243;][vc_empty_space height=&#8221;60px&#8221;][vc_single_image image=&#8221;1669&#8243; img_size=&#8221;medium&#8221; alignment=&#8221;center&#8221;][vc_row_inner][vc_column_inner][vc_column_text css=&#8221;.vc_custom_1556617869522{margin-bottom: 30px !important;}&#8221;] \u00bfQuieres trabajar con nosotros? Env\u00edanos tu informaci\u00f3n para entrar en nuestro proceso de selecci\u00f3n.[\/vc_column_text][\/vc_column_inner][\/vc_row_inner][\/vc_column][\/vc_row][vc_row full_width=&#8221;stretch_row_content&#8221; css=&#8221;.vc_custom_1494754640118{margin-top: -30px !important;margin-bottom: 65px !important;background-color: #fcfcfc !important;}&#8221;][vc_column width=&#8221;1\/6&#8243; css=&#8221;.vc_custom_1451389567526{padding-right: 40px !important;}&#8221;][\/vc_column][vc_column width=&#8221;2\/3&#8243;][vc_row_inner][vc_column_inner][vc_column_text css=&#8221;.vc_custom_1494667451791{margin-bottom: 30px !important;}&#8221;] [\/vc_column_text][vc_column_text][gravityform id=&#8221;20&#8243; title=&#8221;false&#8221; description=&#8221;false&#8221;][\/vc_column_text][\/vc_column_inner][\/vc_row_inner][\/vc_column][vc_column width=&#8221;1\/6&#8243;][\/vc_column][\/vc_row]<\/p>\n","protected":false},"author":1,"featured_media":0,"parent":0,"menu_order":0,"comment_status":"closed","ping_status":"closed","template":"","meta":{"footnotes":""},"class_list":["post-2124","page","type-page","status-publish","hentry"],"aioseo_notices":[],"_links":{"self":[{"href":"https:\/\/funerariaslaspalmas.com\/en\/wp-json\/wp\/v2\/pages\/2124","targetHints":{"allow":["GET"]}}],"collection":[{"href":"https:\/\/funerariaslaspalmas.com\/en\/wp-json\/wp\/v2\/pages"}],"about":[{"href":"https:\/\/funerariaslaspalmas.com\/en\/wp-json\/wp\/v2\/types\/page"}],"author":[{"embeddable":true,"href":"https:\/\/funerariaslaspalmas.com\/en\/wp-json\/wp\/v2\/users\/1"}],"replies":[{"embeddable":true,"href":"https:\/\/funerariaslaspalmas.com\/en\/wp-json\/wp\/v2\/comments?post=2124"}],"version-history":[{"count":6,"href":"https:\/\/funerariaslaspalmas.com\/en\/wp-json\/wp\/v2\/pages\/2124\/revisions"}],"predecessor-version":[{"id":3431,"href":"https:\/\/funerariaslaspalmas.com\/en\/wp-json\/wp\/v2\/pages\/2124\/revisions\/3431"}],"wp:attachment":[{"href":"https:\/\/funerariaslaspalmas.com\/en\/wp-json\/wp\/v2\/media?parent=2124"}],"curies":[{"name":"wp","href":"https:\/\/api.w.org\/{rel}","templated":true}]}}