{"id":1605,"date":"2019-04-25T08:01:03","date_gmt":"2019-04-25T08:01:03","guid":{"rendered":"https:\/\/nuevo.mecserviciosfunerarios.com\/?page_id=1605"},"modified":"2022-07-07T10:57:38","modified_gmt":"2022-07-07T10:57:38","slug":"area-profesionales","status":"publish","type":"page","link":"https:\/\/funerariaslaspalmas.com\/en\/area-profesionales\/","title":{"rendered":"\u00c1rea Profesionales"},"content":{"rendered":"<p>[vc_row css=&#8221;.vc_custom_1451575485367{margin-bottom: 65px !important;}&#8221;][vc_column width=&#8221;1\/2&#8243; css=&#8221;.vc_custom_1451389567526{padding-right: 40px !important;}&#8221;][vc_single_image image=&#8221;2485&#8243; img_size=&#8221;full&#8221; style=&#8221;vc_box_circle_2&#8243; css_animation=&#8221;left-to-right&#8221;][\/vc_column][vc_column width=&#8221;1\/2&#8243;][vc_empty_space height=&#8221;60px&#8221;][vc_single_image image=&#8221;1669&#8243; img_size=&#8221;medium&#8221; alignment=&#8221;center&#8221;][vc_row_inner][vc_column_inner][vc_column_text css=&#8221;.vc_custom_1556619962943{margin-bottom: 30px !important;}&#8221;]<\/p>\n<h3 class=\"p1\"><span style=\"color: #00b249;\"><strong><span class=\"s1\">Forme parte de nuestra Red de colaboradores internacionales.<br \/>\n<\/span><\/strong><\/span><\/h3>\n<p>Seleccionamos <strong>proveedores, funerarias colaboradoras, aseguradoras<\/strong>.[\/vc_column_text][\/vc_column_inner][\/vc_row_inner][\/vc_column][\/vc_row][vc_row full_width=&#8221;stretch_row_content&#8221; disable_element=&#8221;yes&#8221; css=&#8221;.vc_custom_1556620327598{margin-bottom: 65px !important;background-color: #fcfcfc !important;}&#8221;][vc_column width=&#8221;1\/6&#8243; css=&#8221;.vc_custom_1451389567526{padding-right: 40px !important;}&#8221;][\/vc_column][vc_column width=&#8221;2\/3&#8243;][vc_row_inner][vc_column_inner][vc_column_text css=&#8221;.vc_custom_1556620075808{margin-bottom: 30px !important;}&#8221;]<\/p>\n<p style=\"text-align: center;\"><strong>Acceso Profesionales<\/strong><\/p>\n<p>[\/vc_column_text][vc_column_text]\t\t<script>\r\n\t\t\tfunction closeMessage(){jQuery('.error_wid_login').hide();}\r\n\t\t\tjQuery(document).ready(function () {\r\n\t\t\t\tjQuery('#login').validate({ errorClass: \"lw-error\" });\r\n\t\t\t});\r\n\t\t<\/script>\r\n\t\r\n<div class=\"login-wrap\">\r\n\r\n\t<div id=\"login-form\" class=\"login-form \">\r\n\r\n\t\t\r\n\t\t\r\n\t\t<form name=\"login\" id=\"login\" method=\"post\" action=\"\" autocomplete=\"off\" >\r\n\r\n\t\t\r\n\t\t<input type=\"hidden\" name=\"option\" value=\"ap_user_login\" \/>\r\n\t\t<input type=\"hidden\" name=\"redirect\" value=\"https:\/\/funerariaslaspalmas.com:443\/en\/wp-json\/wp\/v2\/pages\/1605\" \/>\r\n\t\t<div class=\"log-form-group\">\r\n\t\t\t<label for=\"userusername\">Username <\/label>\r\n\t\t\t<input type=\"text\" name=\"userusername\" id=\"userusername\" title=\"Please enter username\"  required\/>\r\n\t\t<\/div>\r\n\t\t<div class=\"log-form-group\">\r\n\t\t\t<label for=\"userpassword\">Password <\/label>\r\n\t\t\t<input type=\"password\" name=\"userpassword\" id=\"userpassword\" title=\"Please enter password\"  required\/>\r\n\t\t<\/div>\r\n\r\n\t\t\r\n\t\t\r\n\t\t\r\n\t\t<div class=\"login-submit\"><input name=\"login\" type=\"submit\" value=\"Login\" \/><\/div>\r\n\r\n\t\t<div class=\"log-form-group extra-links\">\r\n\t\t\t\t\t<\/div>\r\n\r\n\t\t<\/form>\r\n\r\n\t\t\r\n\t\t<\/div>\r\n\r\n<\/div>\r\n\r\n[\/vc_column_text][\/vc_column_inner][\/vc_row_inner][\/vc_column][vc_column width=&#8221;1\/6&#8243;][\/vc_column][\/vc_row][vc_row full_width=&#8221;stretch_row_content&#8221; css=&#8221;.vc_custom_1494754640118{margin-top: -30px !important;margin-bottom: 65px !important;background-color: #fcfcfc !important;}&#8221;][vc_column width=&#8221;1\/6&#8243; css=&#8221;.vc_custom_1451389567526{padding-right: 40px !important;}&#8221;][\/vc_column][vc_column width=&#8221;2\/3&#8243;][vc_row_inner][vc_column_inner][vc_column_text css=&#8221;.vc_custom_1556620036835{margin-bottom: 30px !important;}&#8221;]<\/p>\n<p style=\"text-align: center;\"><strong>Si quiere ser colaborador de nuestra compa\u00f1\u00eda tan solo tiene que rellenar los datos de registro y podr\u00e1 formar parte de nuestro equipo y \/o establecer una relaci\u00f3n comercial de forma directa.<\/strong><\/p>\n<p>[\/vc_column_text][vc_column_text][gravityform id=&#8221;12&#8243; title=&#8221;true&#8221; description=&#8221;true&#8221;][\/vc_column_text][\/vc_column_inner][\/vc_row_inner][\/vc_column][vc_column width=&#8221;1\/6&#8243;][\/vc_column][\/vc_row]<\/p>","protected":false},"excerpt":{"rendered":"<p>[vc_row css=&#8221;.vc_custom_1451575485367{margin-bottom: 65px !important;}&#8221;][vc_column width=&#8221;1\/2&#8243; css=&#8221;.vc_custom_1451389567526{padding-right: 40px !important;}&#8221;][vc_single_image image=&#8221;2485&#8243; img_size=&#8221;full&#8221; style=&#8221;vc_box_circle_2&#8243; css_animation=&#8221;left-to-right&#8221;][\/vc_column][vc_column width=&#8221;1\/2&#8243;][vc_empty_space height=&#8221;60px&#8221;][vc_single_image image=&#8221;1669&#8243; img_size=&#8221;medium&#8221; alignment=&#8221;center&#8221;][vc_row_inner][vc_column_inner][vc_column_text css=&#8221;.vc_custom_1556619962943{margin-bottom: 30px !important;}&#8221;] Forme parte de nuestra Red de colaboradores internacionales. Seleccionamos proveedores, funerarias colaboradoras, aseguradoras.[\/vc_column_text][\/vc_column_inner][\/vc_row_inner][\/vc_column][\/vc_row][vc_row full_width=&#8221;stretch_row_content&#8221; disable_element=&#8221;yes&#8221; css=&#8221;.vc_custom_1556620327598{margin-bottom: 65px !important;background-color: #fcfcfc !important;}&#8221;][vc_column width=&#8221;1\/6&#8243; css=&#8221;.vc_custom_1451389567526{padding-right: 40px !important;}&#8221;][\/vc_column][vc_column width=&#8221;2\/3&#8243;][vc_row_inner][vc_column_inner][vc_column_text css=&#8221;.vc_custom_1556620075808{margin-bottom: 30px !important;}&#8221;] Acceso Profesionales [\/vc_column_text][vc_column_text][\/vc_column_text][\/vc_column_inner][\/vc_row_inner][\/vc_column][vc_column width=&#8221;1\/6&#8243;][\/vc_column][\/vc_row][vc_row full_width=&#8221;stretch_row_content&#8221; css=&#8221;.vc_custom_1494754640118{margin-top: -30px [&hellip;]<\/p>\n","protected":false},"author":1,"featured_media":0,"parent":0,"menu_order":0,"comment_status":"closed","ping_status":"closed","template":"","meta":{"footnotes":""},"class_list":["post-1605","page","type-page","status-publish","hentry"],"aioseo_notices":[],"_links":{"self":[{"href":"https:\/\/funerariaslaspalmas.com\/en\/wp-json\/wp\/v2\/pages\/1605","targetHints":{"allow":["GET"]}}],"collection":[{"href":"https:\/\/funerariaslaspalmas.com\/en\/wp-json\/wp\/v2\/pages"}],"about":[{"href":"https:\/\/funerariaslaspalmas.com\/en\/wp-json\/wp\/v2\/types\/page"}],"author":[{"embeddable":true,"href":"https:\/\/funerariaslaspalmas.com\/en\/wp-json\/wp\/v2\/users\/1"}],"replies":[{"embeddable":true,"href":"https:\/\/funerariaslaspalmas.com\/en\/wp-json\/wp\/v2\/comments?post=1605"}],"version-history":[{"count":6,"href":"https:\/\/funerariaslaspalmas.com\/en\/wp-json\/wp\/v2\/pages\/1605\/revisions"}],"predecessor-version":[{"id":3432,"href":"https:\/\/funerariaslaspalmas.com\/en\/wp-json\/wp\/v2\/pages\/1605\/revisions\/3432"}],"wp:attachment":[{"href":"https:\/\/funerariaslaspalmas.com\/en\/wp-json\/wp\/v2\/media?parent=1605"}],"curies":[{"name":"wp","href":"https:\/\/api.w.org\/{rel}","templated":true}]}}