{"id":1586,"date":"2019-04-25T07:48:24","date_gmt":"2019-04-25T07:48:24","guid":{"rendered":"https:\/\/nuevo.mecserviciosfunerarios.com\/?page_id=1586"},"modified":"2022-04-19T09:12:50","modified_gmt":"2022-04-19T09:12:50","slug":"politica-de-privacidad-rgpd","status":"publish","type":"page","link":"https:\/\/funerariaslaspalmas.com\/en\/politica-de-privacidad-rgpd\/","title":{"rendered":"Pol\u00edtica de Privacidad RGPD"},"content":{"rendered":"<h2><strong>Pol\u00edtica de Privacidad RGPD<\/strong><\/h2>\n<p><strong>PRIVACIDAD \u2013 INFORMACI\u00d3N AMPLIADA<\/strong><\/p>\n<p>La Pol\u00edtica de Privacidad forma parte de las Condiciones Generales que rigen la presente\u00a0 Web.<\/p>\n<p><strong>\u00bfQui\u00e9n es el responsable del tratamiento de tus datos?<\/strong><\/p>\n<p>MEJOR EN EL CIELO SLU CIF: B76275080<\/p>\n<p>Domicilio: Tanatorio El Rosario, calle Brezo 29, pol\u00edgono industrial de Arinaga, 35118, Ag\u00fcimes, Las Palmas<\/p>\n<p>Tfno: 928184950<\/p>\n<p>Mail: info@funerariaslaspalmas.com<\/p>\n<p>Puedes dirigirte de cualquier forma para comunicarte con nosotros.<\/p>\n<p>Nos reservamos el derecho a modificar o adaptar la presente Pol\u00edtica de Privacidad en cualquier momento. Te recomendamos revisar la misma, y si te has registrado y accedes a tu cuenta o perfil, se te informar\u00e1 de las modificaciones.<\/p>\n<p>&nbsp;<\/p>\n<p>Si eres alguno de los siguientes colectivos, consulta la informaci\u00f3n correspondiente:<\/p>\n<p>&nbsp;<\/p>\n<p><strong>\u00a0\u00a0\u00a0\u00a0\u00a0\u00a0\u00a0\u00a0\u00a0\u00a0\u00a0 + CONTACTOS DE LA WEB O DEL CORREO ELECTR\u00d3NICO<\/strong><\/p>\n<p><strong>\u00bfQu\u00e9 datos recopilamos a trav\u00e9s de la Web?<\/strong><\/p>\n<p>Podemos tratar tu IP, qu\u00e9 sistema operativo o navegador usas, e incluso la duraci\u00f3n de tu visita, de forma an\u00f3nima.<\/p>\n<p>Si nos facilitas datos en el formulario de contacto, te identificar\u00e1s para poder contactar contigo, en caso de que sea necesario.<\/p>\n<p>&nbsp;<\/p>\n<p><strong>\u00bfCon que finalidades vamos a tratar sus datos personales?<\/strong><\/p>\n<ul>\n<li>Contestar a tus consultas, solicitudes o peticiones.<\/li>\n<li>Gestionar el servicio solicitado, contestar tu solicitud, o tramitar tu petici\u00f3n.<\/li>\n<li>Informaci\u00f3n por medios electr\u00f3nicos, que versen sobre tu solicitud.<\/li>\n<li>Informaci\u00f3n comercial o de eventos por medios electr\u00f3nicos, siempre que exista autorizaci\u00f3n expresa.<\/li>\n<li>Realizar an\u00e1lisis y mejoras en la Web, sobre nuestros productos y servicios.\u00a0 Mejorar nuestra estrategia comercial.<\/li>\n<\/ul>\n<p><strong>\u00bfCu\u00e1l es la legitimaci\u00f3n para el tratamiento de tus datos?<\/strong><\/p>\n<p>La aceptaci\u00f3n y consentimiento del interesado: En aquellos casos donde para realizar una solicitud sea necesario cumplimentar un formulario y hacer un \u201cclick\u201d en el bot\u00f3n de enviar, la realizaci\u00f3n del mismo implicar\u00e1 necesariamente que ha sido informado y ha otorgado expresamente su consentimiento al contenido de la cl\u00e1usula anexada a dicho formulario o aceptaci\u00f3n de la pol\u00edtica de privacidad.<\/p>\n<p>Todos nuestros formularios cuentan con el s\u00edmbolo * en los datos obligatorios. Si no facilitas esos campos, o no marcas el checkbox de aceptaci\u00f3n de la pol\u00edtica de privacidad, no se permitir\u00e1 el env\u00edo de la informaci\u00f3n. Normalmente tiene la siguiente f\u00f3rmula: \u201c\u25a1 Soy mayor de 14 y he le\u00eddo y acepto la Pol\u00edtica de privacidad.\u201d<\/p>\n<p>&nbsp;<\/p>\n<p><strong>\u00bfCon que finalidades vamos a tratar tus datos personales?<\/strong><\/p>\n<ul>\n<li>Gestionar el servicio solicitado.<\/li>\n<li>Informaci\u00f3n por medios electr\u00f3nicos, que versen sobre tu solicitud.<\/li>\n<li>Informaci\u00f3n comercial o de eventos por medios electr\u00f3nicos, siempre que exista autorizaci\u00f3n expresa.<\/li>\n<li>Realizar an\u00e1lisis y mejoras en el env\u00edo de mailing, para mejorar nuestra estrategia comercial.<\/li>\n<\/ul>\n<p><strong>\u00bfCu\u00e1l es la legitimaci\u00f3n para el tratamiento de tus datos?<\/strong><\/p>\n<p>La aceptaci\u00f3n y consentimiento del interesado: En aquellos casos donde te suscribas ser\u00e1 necesario aceptar un checkbox y clicar en el bot\u00f3n de enviar. Ello implicara necesariamente que has sido informado y has otorgado expresamente tu consentimiento a la recepci\u00f3n del newsletter.<\/p>\n<p>Si no marcas el checkbox de aceptaci\u00f3n de la pol\u00edtica de privacidad, no se permitir\u00e1 el env\u00edo de la informaci\u00f3n. Normalmente tiene la siguiente f\u00f3rmula: \u201c\u25a1 Soy mayor de 14 y he le\u00eddo y acepto la Pol\u00edtica de privacidad.\u201d<\/p>\n<p>&nbsp;<\/p>\n<p><strong>\u00a0\u00a0\u00a0\u00a0\u00a0\u00a0\u00a0\u00a0\u00a0\u00a0\u00a0 + CLIENTES<\/strong><\/p>\n<p><strong>\u00bfCon que finalidades vamos a tratar tus datos personales?<\/strong><\/p>\n<ul>\n<li>Elaboraci\u00f3n del presupuesto y seguimiento del mismo mediante comunicaciones entre ambas partes.<\/li>\n<li>Informaci\u00f3n por medios electr\u00f3nicos, que versen sobre tu solicitud.<\/li>\n<li>Informaci\u00f3n comercial o de eventos por medios electr\u00f3nicos, siempre que exista autorizaci\u00f3n expresa.<\/li>\n<li>Gestionar los servicios administrativos, de comunicaciones y de log\u00edstica realizados por el Responsable.<\/li>\n<li>Facturaci\u00f3n y declaraci\u00f3n de los impuestos oportunos..<\/li>\n<\/ul>\n<ul>\n<li>Realizar las transacciones que correspondan.<\/li>\n<li>Gestiones de control y recobro.<\/li>\n<\/ul>\n<p>&nbsp;<\/p>\n<p><strong>\u00a0 \u00a0 \u00a0 \u00a0 \u00a0 \u00a0 + PROVEDORES.<\/strong><\/p>\n<p><strong>\u00bfCon que finalidades vamos a tratar tus datos personales?<\/strong><\/p>\n<ul>\n<li>Informaci\u00f3n por medios electr\u00f3nicos, que versen sobre tu solicitud.<\/li>\n<li>Informaci\u00f3n comercial o de eventos por medios electr\u00f3nicos, siempre que exista autorizaci\u00f3n expresa.<\/li>\n<li>Gestionar los servicios administrativos, de comunicaciones y de log\u00edstica realizados por el Responsable.<\/li>\n<li>Facturaci\u00f3n.<\/li>\n<\/ul>\n<ul>\n<li>Realizar las transacciones que correspondan.<\/li>\n<li>Facturaci\u00f3n y declaraci\u00f3n de los impuestos oportunos.<\/li>\n<li>Gestiones de control y recobro.<\/li>\n<\/ul>\n<p><strong>\u00bfCu\u00e1l es la legitimaci\u00f3n para el tratamiento de tus datos?<\/strong><\/p>\n<p>La base legal es la aceptaci\u00f3n de una relaci\u00f3n contractual, o en su defecto tu consentimiento al contactar con nosotros u ofrecernos sus productos por alguna v\u00eda.<\/p>\n<p>&nbsp;<\/p>\n<p><strong>\u00bfDurante cu\u00e1nto tiempo vamos a mantener los datos personales?<\/strong><\/p>\n<p>S\u00f3lo podemos consultar o dar de baja tus datos de forma restringida al tener un perfil espec\u00edfico. Los trataremos tanto tiempo como tu nos dejes sigui\u00e9ndonos, siendo amigos o d\u00e1ndole a \u201cme gusta\u201d, \u201cseguir\u201d o botones similares.<\/p>\n<p>Cualquier rectificaci\u00f3n de tus datos o restricci\u00f3n de informaci\u00f3n o de publicaciones debes realizarla a trav\u00e9s de la configuraci\u00f3n de tu perfil o usuario en la propia red social.<\/p>\n<p><strong>\u00a0<\/strong><\/p>\n<p><strong>\u00a0\u00a0\u00a0\u00a0\u00a0\u00a0\u00a0\u00a0\u00a0\u00a0\u00a0 + DEMANDANTES DE EMPLEO<\/strong><\/p>\n<p><strong>\u00bfCon que finalidades vamos a tratar tus datos personales?<\/strong><\/p>\n<ul>\n<li>Organizaci\u00f3n de procesos de selecci\u00f3n para la contrataci\u00f3n de empleados.<\/li>\n<\/ul>\n<ul>\n<li>Citarte para entrevistas de trabajo y evaluar tu candidatura.<\/li>\n<li>Si nos has dado tu consentimiento, se lo podremos ceder a empresas colaboradoras o afines, con el \u00fanico objetivo de ayudarte a encontrar empleo.<\/li>\n<li>Si marcas el checkbox de aceptaci\u00f3n de la pol\u00edtica de privacidad, nos das tu consentimiento para ceder tu solicitud de empleo a las entidades que componen el grupo de empresas con el objetivo de incluirte en sus procesos de selecci\u00f3n de personal<\/li>\n<\/ul>\n<p>Asimismo, te comunicamos que transcurrido un a\u00f1o desde la recepci\u00f3n de tu curr\u00edculum vitae, procederemos a su destrucci\u00f3n segura.<\/p>\n<p><strong>\u00bfCu\u00e1l es la legitimaci\u00f3n para el tratamiento de tus datos?<\/strong><\/p>\n<p>La base legal es tu consentimiento inequ\u00edvoco, al enviarnos tu CV.<\/p>\n<p>&nbsp;<\/p>\n<p><strong>\u00bfIncluimos datos personales de terceras personas?<\/strong><\/p>\n<p>No, como norma general s\u00f3lo tratamos los datos que nos facilitan los titulares. Si\u00a0 nos aportas datos de terceros, deber\u00e1s con car\u00e1cter previo, informar y solicitar su consentimiento a dichas personas, o de lo contrario nos eximes de cualquier responsabilidad por el incumplimiento de \u00e9ste requisito.<\/p>\n<p>&nbsp;<\/p>\n<p><strong>\u00bfY datos de menores?<\/strong><\/p>\n<p>No tratamos datos de menores de 14 a\u00f1os. Por tanto, abst\u00e9ngase de facilitarlos si no tiene esa edad o, en su caso, de facilitar datos de terceros que no tengan la citada edad. MEJOR EN EL CIELO, SLU se exime de cualquier responsabilidad por el incumplimiento de esta previsi\u00f3n.<\/p>\n<p>&nbsp;<\/p>\n<p><strong>\u00bfRealizaremos comunicaciones por medios electr\u00f3nicos?<\/strong><\/p>\n<ul>\n<li>S\u00f3lo se realizar\u00e1n para gestionar tu solicitud, si es uno de los medios de contacto que nos ha facilitado.<\/li>\n<li>Si realizamos comunicaciones comerciales habr\u00e1n sido previa y expresamente\u00a0 autorizadas por t\u00ed.<\/li>\n<\/ul>\n<p>&nbsp;<\/p>\n<p><strong>\u00bfQu\u00e9 medidas de seguridad aplicamos?<\/strong><\/p>\n<p>Puedes estar tranquilo: Hemos adoptado un nivel \u00f3ptimo de protecci\u00f3n de los Datos Personales que manejamos, y hemos instalado todos los medios y medidas t\u00e9cnicas a nuestra disposici\u00f3n seg\u00fan el estado de la tecnolog\u00eda para evitar la p\u00e9rdida, mal uso, alteraci\u00f3n, acceso no autorizado y robo de los Datos Personales.<\/p>\n<p>&nbsp;<\/p>\n<p><strong>\u00bfA qu\u00e9 destinatarios se comunicar\u00e1n tus datos?<\/strong><\/p>\n<p>Tus datos no se ceder\u00e1n a terceros, salvo obligaci\u00f3n legal. En concreto se comunicar\u00e1n a la Agencia Estatal de la Administraci\u00f3n Tributaria y a bancos y entidades financieras para el cobro del servicio prestado o producto adquirido Como a los encargados del tratamiento necesarios para la ejecuci\u00f3n del acuerdo.<\/p>\n<p>En caso de compra o pago, si eliges alguna aplicaci\u00f3n, web, plataforma, tarjeta bancaria, o alg\u00fan otro servicio online, tus datos se ceder\u00e1n a esa plataforma o se tratar\u00e1n en su entorno, siempre con la m\u00e1xima seguridad.<\/p>\n<p>Cuando se lo ordenemos, tendr\u00e1n acceso a nuestra web la empresa de desarrollo y mantenimiento web, o la de hosting. Las mismas tendr\u00e1n firmado un contrato de prestaci\u00f3n de servicios que les obliga a mantener el mismo nivel de privacidad que nosotros.<\/p>\n<p>Cualquier transferencia internacional de datos al usar aplicaciones americanas, estar\u00e1 adherida al convenio Privacy Shield, que garantiza que las empresas de software americano cumplen las pol\u00edticas de protecci\u00f3n de datos europeas en materia de privacidad.<\/p>\n<p>&nbsp;<\/p>\n<p><strong>\u00bfQu\u00e9 Derechos tienes?<\/strong><\/p>\n<ul>\n<li>A saber si estamos tratando tus datos o no.<\/li>\n<li>A acceder a tus datos personales.<\/li>\n<li>A solicitar la rectificaci\u00f3n de tus datos si son inexactos.<\/li>\n<li>A solicitar la supresi\u00f3n de tus datos si ya no son necesarios para los fines para los que fueron recogidos o si nos retiras el consentimiento otorgado.<\/li>\n<li>A solicitar la limitaci\u00f3n del tratamiento de sus datos, en algunos supuestos, en cuyo caso s\u00f3lo los conservaremos de acuerdo con la normativa vigente.<\/li>\n<li>A portar tus datos, que te ser\u00e1n facilitados en un formato estructurado, de uso com\u00fan o lectura mec\u00e1nica. Si lo prefieres, se los podemos enviar al nuevo responsable que nos designes. S\u00f3lo es v\u00e1lido en determinados supuestos.<\/li>\n<li>A presentar una reclamaci\u00f3n ante la Agencia Espa\u00f1ola de Protecci\u00f3n de Datos o autoridad de control competente, si crees que no te hemos atendido correctamente.<\/li>\n<li>A revocar el consentimiento para cualquier tratamiento para el que hayas consentido, en cualquier momento.<\/li>\n<\/ul>\n<p>Si modificas alg\u00fan dato, te agradecemos que nos lo comuniques para mantenerlos actualizados.<\/p>\n<p>&nbsp;<\/p>\n<p><strong>\u00bfQuieres un formulario para el ejercicio de Derechos?\u00a0\u00a0\u00a0\u00a0\u00a0<\/strong><\/p>\n<ul>\n<li>Tenemos formularios para el ejercicio de tus derechos, p\u00eddenoslos por\u00a0 email o si lo prefieres, puedes usar los elaborados por la Agencia Espa\u00f1ola de Protecci\u00f3n de Datos o terceros.<\/li>\n<li>Estos formularios deben ir firmados electr\u00f3nicamente o ser acompa\u00f1ados de fotocopia del DNI.<\/li>\n<li>Si te representa alguien, debes adjuntarnos copia de su DNI, o que lo firme con su firma electr\u00f3nica.<\/li>\n<li>Los formularios pueden ser presentados presencialmente, enviados por carta o por mail en la direcci\u00f3n del Responsable al inicio de este texto.<\/li>\n<\/ul>\n<p>&nbsp;<\/p>\n<p><strong>\u00bfCu\u00e1nto tardamos en contestarte al Ejercicio de Derechos?<\/strong><\/p>\n<p>Depende del derecho, pero como m\u00e1ximo en un mes desde tu solicitud, y dos meses si el tema es muy complejo y te notificamos que necesitamos m\u00e1s tiempo.<\/p>\n<p>&nbsp;<\/p>\n<p><strong>\u00bfTratamos cookies?<\/strong><\/p>\n<p>Si usamos otro tipo de cookies que no sean las necesarias, podr\u00e1s consultar la pol\u00edtica de cookies en el enlace correspondiente desde el inicio de nuestra web.<\/p>\n<p><strong>\u00a0<\/strong><\/p>\n<p><strong>\u00bfDurante cu\u00e1nto tiempo vamos a mantener tus datos personales?<\/strong><\/p>\n<ul>\n<li>Los datos personales ser\u00e1n mantenidos mientras sigas vinculado con nosotros.<\/li>\n<li>Una vez te desvincules, los datos personales tratados en cada finalidad se mantendr\u00e1n durante los plazos legalmente previstos, inclu\u00eddo el plazo en el que un juez o tribunal los pueda requerir atendiendo al plazo de prescripci\u00f3n de acciones judiciales.<\/li>\n<li>Los datos tratados se mantendr\u00e1n en tanto no expiren los plazos legales aludidos anteriormente, si hubiera obligaci\u00f3n legal de mantenimiento, o de no existir ese plazo legal, hasta que el interesado solicite su supresi\u00f3n o revoque el consentimiento otorgado.<\/li>\n<li>Mantendremos toda la informaci\u00f3n y comunicaciones relativas a tu compra o a la prestaci\u00f3n de nuestro servicio, mientras duren las garant\u00edas de los productos o servicios, para atender posibles reclamaciones.<\/li>\n<\/ul>\n","protected":false},"excerpt":{"rendered":"<p>Pol\u00edtica de Privacidad RGPD PRIVACIDAD \u2013 INFORMACI\u00d3N AMPLIADA La Pol\u00edtica de Privacidad forma parte de las Condiciones Generales que rigen la presente\u00a0 Web. \u00bfQui\u00e9n es el responsable del tratamiento de tus datos? MEJOR EN EL CIELO SLU CIF: B76275080 Domicilio: Tanatorio El Rosario, calle Brezo 29, pol\u00edgono industrial de Arinaga, 35118, Ag\u00fcimes, Las Palmas Tfno: [&hellip;]<\/p>\n","protected":false},"author":1,"featured_media":0,"parent":0,"menu_order":0,"comment_status":"closed","ping_status":"closed","template":"","meta":{"footnotes":""},"class_list":["post-1586","page","type-page","status-publish","hentry"],"aioseo_notices":[],"_links":{"self":[{"href":"https:\/\/funerariaslaspalmas.com\/en\/wp-json\/wp\/v2\/pages\/1586","targetHints":{"allow":["GET"]}}],"collection":[{"href":"https:\/\/funerariaslaspalmas.com\/en\/wp-json\/wp\/v2\/pages"}],"about":[{"href":"https:\/\/funerariaslaspalmas.com\/en\/wp-json\/wp\/v2\/types\/page"}],"author":[{"embeddable":true,"href":"https:\/\/funerariaslaspalmas.com\/en\/wp-json\/wp\/v2\/users\/1"}],"replies":[{"embeddable":true,"href":"https:\/\/funerariaslaspalmas.com\/en\/wp-json\/wp\/v2\/comments?post=1586"}],"version-history":[{"count":7,"href":"https:\/\/funerariaslaspalmas.com\/en\/wp-json\/wp\/v2\/pages\/1586\/revisions"}],"predecessor-version":[{"id":3393,"href":"https:\/\/funerariaslaspalmas.com\/en\/wp-json\/wp\/v2\/pages\/1586\/revisions\/3393"}],"wp:attachment":[{"href":"https:\/\/funerariaslaspalmas.com\/en\/wp-json\/wp\/v2\/media?parent=1586"}],"curies":[{"name":"wp","href":"https:\/\/api.w.org\/{rel}","templated":true}]}}