{"id":1584,"date":"2019-04-25T07:46:27","date_gmt":"2019-04-25T07:46:27","guid":{"rendered":"https:\/\/nuevo.mecserviciosfunerarios.com\/?page_id=1584"},"modified":"2020-12-01T14:04:17","modified_gmt":"2020-12-01T14:04:17","slug":"politica-de-cookies","status":"publish","type":"page","link":"https:\/\/funerariaslaspalmas.com\/en\/politica-de-cookies\/","title":{"rendered":"Pol\u00edtica de Cookies"},"content":{"rendered":"<p><\/p>\n<h2>Pol\u00edtica de Cookies<\/h2>\n<p>El art. 4 del RD-Ley 13\/2012 transpone al ordenamiento jur\u00eddico espa\u00f1ol la Directiva 2009\/136\/CE del Parlamento Europeo y del Consejo, modificando el art. 22.2 de la LSSI (Ley 34\/2002) configurando la normativa vigente de la llamada \u201c<strong>Ley de Cookies o Ley Anticookies<\/strong>\u201c. A partir de la misma los titulares de sitios web que instalan alguna cookie (incluidas las cookies de terceros como las de Google Analytics) deber\u00e1n informar adecuadamente y asegurarse de que sus usuarios consientan la instalaci\u00f3n de cookies.<\/p>\n<p>Es indiferente que el sitio web est\u00e9 alojado en un prestador europeo de hosting, en Facebook, etc. En cualquier caso si tu entidad es espa\u00f1ola o presta servicios espec\u00edficamente dirigidos al territorio del Estado espa\u00f1ol, debes cumplir la Ley.<\/p>\n<p>La Ley de Cookies es diferente de la Ley de Protecci\u00f3n de Datos. Se han de aplicar de la forma siguiente:<\/p>\n<ul>\n<li>Cookie que no se usa para \u00a0tratar datos personales: Solo hay que cumplir la Ley de Cookies.<\/li>\n<li>Cookie que s\u00ed se usa para tratar datos personales: Hay que cumplir la Ley de Protecci\u00f3n de Datos y, \u00a0adem\u00e1s, la Ley de Cookies.<\/li>\n<\/ul>\n<p>La informaci\u00f3n que le proporcionamos a continuaci\u00f3n, le ayudar\u00e1 a comprender los diferentes<strong>\u00a0tipos de cookies<\/strong>:<\/p>\n<p>Seg\u00fan la forma de almacenamiento de los datos<\/p>\n<ul>\n<li><strong>Cookies de sesi\u00f3n<\/strong>: \u00a0\u00a0\u00a0\u00a0\u00a0son cookies temporales que permanecen en el archivo de cookies de su \u00a0\u00a0\u00a0\u00a0\u00a0navegador hasta que abandone la p\u00e1gina web, por lo que ninguna queda \u00a0\u00a0\u00a0\u00a0\u00a0registrada en el disco duro del usuario. La informaci\u00f3n obtenida por medio \u00a0\u00a0\u00a0\u00a0\u00a0de estas cookies, sirve para analizar pautas de tr\u00e1fico en la web.<\/li>\n<li><strong>Cookies permanentes<\/strong>: \u00a0\u00a0\u00a0\u00a0\u00a0son almacenadas en el disco duro y nuestra web las lee cada vez que usted \u00a0\u00a0\u00a0\u00a0\u00a0realiza una nueva visita. Una web permanente posee una fecha de expiraci\u00f3n \u00a0\u00a0\u00a0\u00a0\u00a0determinada. La cookie dejar\u00e1 de funcionar despu\u00e9s de esa fecha. Se \u00a0\u00a0\u00a0\u00a0\u00a0utiliza, generalmente, para facilitar los servicios de compra y registro, \u00a0\u00a0\u00a0\u00a0\u00a0y para recordar ajustes y preferencias en la navegaci\u00f3n del usuario, como: \u00a0\u00a0\u00a0\u00a0\u00a0selecci\u00f3n de idioma, selecci\u00f3n de tema, preferencias de men\u00fa, marca \u00a0\u00a0\u00a0\u00a0\u00a0p\u00e1ginas internos de la web, etc.<\/li>\n<\/ul>\n<p>Seg\u00fan el nivel de relaci\u00f3n con el usuario<\/p>\n<ul>\n<li><strong>Cookies de origen<\/strong>: \u00a0\u00a0\u00a0\u00a0\u00a0servidas directamente por el mismo dominio web visitado por el usuario \u00a0\u00a0\u00a0\u00a0\u00a0(ej.\u00a0<a href=\"http:\/\/www.nombredeldominio.com\/\">www.mecserviciosfunerarios.com<\/a>) \u00a0\u00a0\u00a0\u00a0\u00a0y normalmente vinculadas a la propia prestaci\u00f3n del servicio o tareas de \u00a0\u00a0\u00a0\u00a0\u00a0anal\u00edtica web.<\/li>\n<li><strong>Cookies de terceros:<\/strong>\u00a0vinculadas \u00a0\u00a0\u00a0\u00a0\u00a0a nombres de dominio alternativos del mismo prestador, o bien a \u00a0\u00a0\u00a0\u00a0\u00a0proveedores externos de \u00e9ste especializados en gesti\u00f3n de campa\u00f1as \u00a0\u00a0\u00a0\u00a0\u00a0publicitarias, personalizaci\u00f3n o, igualmente, anal\u00edtica web. Mientras que \u00a0\u00a0\u00a0\u00a0\u00a0todos los navegadores aceptan inicialmente cookies de origen, algunos de \u00a0\u00a0\u00a0\u00a0\u00a0ellos deshabilitan las de tercera a falta de una acci\u00f3n expresa por parte \u00a0\u00a0\u00a0\u00a0\u00a0del usuario.<\/li>\n<\/ul>\n<p><strong>Niveles de intrusividad<\/strong><\/p>\n<p>Las cookies arriba expuestas se pueden clasificar por el criterio de \u201cnivel de intrusividad\u201d, en una escala del 1 al 3:<\/p>\n<ul>\n<li><strong>Nivel 1<\/strong>: \u00a0\u00a0\u00a0\u00a0\u00a0se corresponde con cookies de uso interno imprescindibles para la \u00a0\u00a0\u00a0\u00a0\u00a0prestaci\u00f3n del propio servicio solicitado por el usuario.<\/li>\n<li><strong>Nivel 2<\/strong>: \u00a0\u00a0\u00a0\u00a0\u00a0se corresponde con cookies an\u00f3nimas de uso interno necesarias para el \u00a0\u00a0\u00a0\u00a0\u00a0mantenimiento de contenidos y navegaci\u00f3n, as\u00ed como a cookies gestionadas \u00a0\u00a0\u00a0\u00a0\u00a0por terceros en el marco de servicios solicitados expresamente por el \u00a0\u00a0\u00a0\u00a0\u00a0usuario en las webs de aquellos (ej.:Social Plugins de Facebook o \u00a0\u00a0\u00a0\u00a0\u00a0Twitter).<\/li>\n<li><strong>Nivel 3<\/strong>: \u00a0\u00a0\u00a0\u00a0\u00a0se corresponde con cookies gestionadas por terceros en el marco de \u00a0\u00a0\u00a0\u00a0\u00a0servicios no solicitados expresamente por el usuario, permitiendo su \u00a0\u00a0\u00a0\u00a0\u00a0seguimiento a trav\u00e9s de webs de las que el propietario de la web visitada \u00a0\u00a0\u00a0\u00a0\u00a0por el usuario no es titular (ej.:plataformas de gesti\u00f3n de publicidad \u00a0\u00a0\u00a0\u00a0\u00a0gr\u00e1fica). La especificaci\u00f3n de este nivel viene acompa\u00f1ada de su titular. \u00a0\u00a0\u00a0\u00a0\u00a0El uso de cookies de nivel 3 est\u00e1 sujeto al permiso previo del usuario \u00a0\u00a0\u00a0\u00a0\u00a0mediante confirmaci\u00f3n expresa de su aceptaci\u00f3n.<\/li>\n<\/ul>\n<p>En el siguiente cuadro ponemos un ejemplo de c\u00f3mo tenemos que informar sobre las cookies que usa nuestra Web.<\/p>\n<p>Relaci\u00f3n de\u00a0<strong>cookies<\/strong>\u00a0de la web www.mecserviciosfunerarios.com<\/p>\n<table>\n<tbody>\n<tr>\n<td>COOKIE<\/td>\n<td>DOMINIO<\/td>\n<td>\u00a0\u00a0DURACI\u00d3N<\/td>\n<td>PROP\u00d3SITO<\/td>\n<td>\u00a0\u00a0INTRUSIVIDAD<\/td>\n<\/tr>\n<tr>\n<td>__utma<\/td>\n<td>www.mecserviciosfunerarios.com<\/td>\n<td>48 \u00a0\u00a0horas<\/td>\n<td>Medici\u00f3n \u00a0\u00a0interna con Google Analytics.<\/td>\n<td>2<\/td>\n<\/tr>\n<tr>\n<td>__utmb<\/td>\n<td>www.mecserviciosfunerarios.com<\/td>\n<td>1 \u00a0\u00a0hora<\/td>\n<td>Medici\u00f3n \u00a0\u00a0interna con Google Analytics.<\/td>\n<td>2<\/td>\n<\/tr>\n<tr>\n<td>__utmc<\/td>\n<td>www.mecserviciosfunerarios.com<\/td>\n<td>Sesi\u00f3n<\/td>\n<td>Medici\u00f3n \u00a0\u00a0interna con Google Analytics.<\/td>\n<td>2<\/td>\n<\/tr>\n<tr>\n<td>__utmz<\/td>\n<td>www.mecserviciosfunerarios.com<\/td>\n<td>6 \u00a0\u00a0meses<\/td>\n<td>Medici\u00f3n \u00a0\u00a0interna con Google Analytics.<\/td>\n<td>2<\/td>\n<\/tr>\n<\/tbody>\n<\/table>\n<p><strong>El usuario puede libremente decidir acerca de la implantaci\u00f3n o no en su disco duro de las cookies de nuestra web as\u00ed como su eliminaci\u00f3n<\/strong>, siguiendo el procedimiento establecido en la secci\u00f3n de ayuda de su navegador.<\/p>\n<p>El usuario puede tambi\u00e9n configurar su navegador para aceptar o rechazar por defecto todas las cookies o para recibir un aviso en pantalla de la recepci\u00f3n de cada cookie y decidir en ese momento su implantaci\u00f3n o no en su disco duro. Muchos navegadores tambi\u00e9n permiten activar un modo privado mediante el cual las cookies se borran siempre despu\u00e9s de su visita. Dependiendo de cada navegador este modo privado, puede tener diferentes nombres.<\/p>\n<p>Si el usuario configurase su navegador para rechazar todas las cookies o rechazase expresamente nuestras cookies, su navegaci\u00f3n en el sitio Web puede ser m\u00e1s lenta o experimentar alg\u00fan error. En todo caso si continua con la navegaci\u00f3n, consideramos que acepta el uso de las cookies de nuestra web. A continuaci\u00f3n le proporcionamos tres enlaces en los que consultar todo aquello referente a la administraci\u00f3n de cookies, incluida su eliminaci\u00f3n o no aceptaci\u00f3n total o parcial, en algunos de los navegadores m\u00e1s comunes:<\/p>\n<p><strong>Firefox<\/strong><br \/>\n<a href=\"http:\/\/support.mozilla.org\/es\/kb\/habilitar-y-deshabilitar-cookies-que-los-sitios-we\"><strong>http:\/\/support.mozilla.org\/es\/kb\/habilitar-y-deshabilitar-cookies-que-los-sitios-we<\/strong><\/a><\/p>\n<p><strong>Chrome<br \/>\n<\/strong><a href=\"http:\/\/support.google.com\/chrome\/bin\/answer.py?hl=es&amp;answer=95647\"><strong>http:\/\/support.google.com\/chrome\/bin\/answer.py?hl=es&amp;answer=95647<\/strong><\/a><\/p>\n<p><strong>Explorer<br \/>\n<\/strong><a href=\"http:\/\/windows.microsoft.com\/es-es\/windows7\/how-to-manage-cookies-in-internet-explorer-9\"><strong>http:\/\/windows.microsoft.com\/es-es\/windows7\/how-to-manage-cookies-in-internet-explorer-9<\/strong><\/a><\/p>\n<p><strong>Safari<\/strong><\/p>\n<p><strong>\u00a0<\/strong><a href=\"http:\/\/support.apple.com\/kb\/ph5042\"><strong>http:\/\/support.apple.com\/kb\/ph5042<\/strong><\/a><\/p>\n<p><strong>Opera<\/strong><\/p>\n<p><strong>\u00a0<\/strong><a href=\"http:\/\/help.opera.com\/Windows\/11.50\/es-ES\/cookies.html\"><strong>http:\/\/help.opera.com\/Windows\/11.50\/es-ES\/cookies.html<\/strong><\/a><\/p>","protected":false},"excerpt":{"rendered":"<p>Pol\u00edtica de Cookies El art. 4 del RD-Ley 13\/2012 transpone al ordenamiento jur\u00eddico espa\u00f1ol la Directiva 2009\/136\/CE del Parlamento Europeo y del Consejo, modificando el art. 22.2 de la LSSI (Ley 34\/2002) configurando la normativa vigente de la llamada \u201cLey de Cookies o Ley Anticookies\u201c. A partir de la misma los titulares de sitios web [&hellip;]<\/p>\n","protected":false},"author":1,"featured_media":0,"parent":0,"menu_order":0,"comment_status":"closed","ping_status":"closed","template":"","meta":{"footnotes":""},"class_list":["post-1584","page","type-page","status-publish","hentry"],"aioseo_notices":[],"_links":{"self":[{"href":"https:\/\/funerariaslaspalmas.com\/en\/wp-json\/wp\/v2\/pages\/1584","targetHints":{"allow":["GET"]}}],"collection":[{"href":"https:\/\/funerariaslaspalmas.com\/en\/wp-json\/wp\/v2\/pages"}],"about":[{"href":"https:\/\/funerariaslaspalmas.com\/en\/wp-json\/wp\/v2\/types\/page"}],"author":[{"embeddable":true,"href":"https:\/\/funerariaslaspalmas.com\/en\/wp-json\/wp\/v2\/users\/1"}],"replies":[{"embeddable":true,"href":"https:\/\/funerariaslaspalmas.com\/en\/wp-json\/wp\/v2\/comments?post=1584"}],"version-history":[{"count":2,"href":"https:\/\/funerariaslaspalmas.com\/en\/wp-json\/wp\/v2\/pages\/1584\/revisions"}],"predecessor-version":[{"id":3136,"href":"https:\/\/funerariaslaspalmas.com\/en\/wp-json\/wp\/v2\/pages\/1584\/revisions\/3136"}],"wp:attachment":[{"href":"https:\/\/funerariaslaspalmas.com\/en\/wp-json\/wp\/v2\/media?parent=1584"}],"curies":[{"name":"wp","href":"https:\/\/api.w.org\/{rel}","templated":true}]}}